{"id":9,"date":"2025-04-16T17:13:35","date_gmt":"2025-04-16T17:13:35","guid":{"rendered":"http:\/\/localhost\/markwinstein\/?page_id=9"},"modified":"2026-03-01T12:36:57","modified_gmt":"2026-03-01T18:36:57","slug":"missoin","status":"publish","type":"page","link":"https:\/\/markwinstein.com\/es\/","title":{"rendered":"Misi\u00f3n"},"content":{"rendered":"<h1 class=\"wp-block-heading has-large-font-size\" style=\"margin-top:var(--wp--preset--spacing--40)\">Ayude a construir el mundo que desea<\/h1>\n\n\n\n<p>Durante m\u00e1s de 40 a\u00f1os, he tenido una visi\u00f3n singular, <strong>fusionando ecolog\u00eda y econom\u00eda.<\/strong> <\/p>\n\n\n\n<p>Durante este tiempo, he reunido la experiencia y el conjunto de herramientas que pueden hacer posible esta visi\u00f3n para que personas como usted puedan ayudar a construir lo que llamo el Sector Ecosistema. <\/p>\n\n\n\n<p>Incluso hoy en d\u00eda, las personas que trabajan arduamente para promover la ecolog\u00eda generalmente terminan encasilladas en unas pocas categor\u00edas: <\/p>\n\n\n\n<ol class=\"wp-block-list\">\n<li>Regulaciones de arriba hacia abajo a las que se resiste el p\u00fablico en general<\/li>\n\n\n\n<li>Los esfuerzos de las ONG y organizaciones ben\u00e9ficas por s\u00ed solos nunca podr\u00e1n abordar los problemas a gran escala.<\/li>\n<\/ol>\n\n\n\n<p>Para m\u00ed, el elemento faltante siempre ha sido la plataforma empresarial tradicional. Utilizada con habilidad, esta es la \u00fanica plataforma que puede abordar la ecolog\u00eda a gran escala y de una manera que tambi\u00e9n genere beneficios econ\u00f3micos para todos.<\/p>\n\n\n\n<h2 class=\"wp-block-heading\" style=\"margin-top:var(--wp--preset--spacing--70)\">Una oportunidad de $40 billones \u2014 oculta a simple vista<\/h2>\n\n\n\n<p>Veo los desaf\u00edos que enfrentan nuestros ecosistemas como enormes oportunidades econ\u00f3micas inclusivas. Ver los problemas de esta manera abre la puerta a un progreso a gran escala que puede unir a personas de todos los \u00e1mbitos. <\/p>\n\n\n\n<p>Existen oportunidades pr\u00e1cticamente infinitas para crear empresas exitosas de todos los tama\u00f1os y formas que pueden ayudar a expandirse:<\/p>\n\n\n\n<ul class=\"wp-block-list\">\n<li>Agua limpia y ecosistemas pr\u00f3speros<\/li>\n\n\n\n<li>Agricultura local y org\u00e1nica<\/li>\n\n\n\n<li>Ciudades transitables<\/li>\n\n\n\n<li>Salud y bienestar humanos<\/li>\n\n\n\n<li>Y m\u00e1s\u2026<\/li>\n<\/ul>\n\n\n\n<p>Estos campos representan una amplia frontera econ\u00f3mica de oportunidades de ingresos e inversi\u00f3n. Sin embargo, las estrategias tradicionales de emprendimiento e inversi\u00f3n no son adecuadas para aprovecharlas al m\u00e1ximo. <\/p>\n\n\n\n<p>He dedicado la mayor parte de mi vida a adquirir las habilidades empresariales, de liderazgo, pol\u00edticas y financieras necesarias para ayudar a las personas a convertir estas oportunidades en empresas pr\u00f3speras. Lamentablemente, he visto muchos m\u00e1s fracasos que \u00e9xitos debido a nociones anticuadas sobre el desarrollo de proyectos, la pol\u00edtica y las finanzas. <\/p>\n\n\n\n<p>Para superar estos l\u00edmites, he creado nuevos enfoques y tecnolog\u00edas financieras que minimizan los riesgos y maximizan el \u00e9xito potencial tanto para los l\u00edderes de proyectos como para los inversores.<\/p>\n\n\n\n<h2 class=\"wp-block-heading\">C\u00f3mo puedes participar<\/h2>\n\n\n\n<p>Tengo un don para dise\u00f1ar proyectos empresariales escalables dentro del sector de los ecosistemas. Puedes ver algunos ejemplos en <a href=\"\/es\/projects\/\">P\u00e1gina de proyectos<\/a>.<\/p>\n\n\n\n<p>Para hacer realidad este tipo de proyectos visionarios se necesitan dos cosas:<\/p>\n\n\n\n<ol class=\"wp-block-list mw-list\">\n<li>Personas que ya est\u00e1n trabajando en un proyecto visionario o que est\u00e1n listas para asumir un rol de liderazgo en un proyecto que dise\u00f1emos juntos. Si ese es tu caso, <a href=\"https:\/\/markwinstein.com\/es\/free-call\/\" data-type=\"page\" data-id=\"63\">Hablemos de trabajar juntos<\/a>. <br><\/li>\n\n\n\n<li>Personas que deseen asignar capital, desde unos pocos miles hasta unos pocos mil millones o m\u00e1s, al Sector Ecosist\u00e9mico. Si ese es su caso, por favor... <a href=\"https:\/\/markwinstein.com\/es\/free-call\/\" data-type=\"page\" data-id=\"63\">Reserva una reuni\u00f3n gratuita<\/a> para discutir sus objetivos de inversi\u00f3n<a href=\"https:\/\/markwinstein.com\/es\/free-call\/\" data-type=\"page\" data-id=\"63\">. <\/a><\/li>\n<\/ol>\n\n\n\n<h2 class=\"wp-block-heading\">Mi rol<\/h2>\n\n\n\n<p>El emprendimiento y las finanzas tradicionales suelen rechazar de plano las oportunidades que ofrece el sector de los ecosistemas. Aunque la mayor\u00eda de la gente a\u00fan las comprende poco, el mundo nunca ha estado en mejores condiciones para el \u00e9xito.<\/p>\n\n\n\n<p>En mi vida, he visto muchos m\u00e1s proyectos excelentes fracasar en lugar de prosperar debido a nociones anticuadas sobre el desarrollo de proyectos. Para superar estas limitaciones, he creado nuevos enfoques y herramientas financieras que minimizan los riesgos para los l\u00edderes y sus colaboradores.<\/p>\n\n\n\n<p>Envalentonado por mis propios \u00e9xitos y educado por muchos fracasos, he adquirido las habilidades empresariales, de liderazgo y financieras necesarias para ayudar a una nueva generaci\u00f3n a construir empresas pr\u00f3speras a escala en el sector de los ecosistemas. <\/p>\n\n\n\n<p>Hoy me centro en el dise\u00f1o de proyectos, la formaci\u00f3n de capital y el desarrollo de l\u00edderes. Si deseas participar como l\u00edder de proyecto o inversor, cont\u00e1ctanos para ver c\u00f3mo podemos colaborar. <\/p>\n\n\n\n<div class=\"wp-block-buttons is-layout-flex wp-block-buttons-is-layout-flex\">\n<div class=\"wp-block-button has-custom-width wp-block-button__width-100\"><a class=\"wp-block-button__link wp-element-button\" href=\"https:\/\/markwinstein.com\/es\/free-call\/\" style=\"line-height:1.2\">Reserve una llamada gratuita con Mark Winstein<\/a><\/div>\n<\/div>\n\n\n\n<figure class=\"wp-block-image size-full\" style=\"margin-top:var(--wp--preset--spacing--80)\"><a href=\"https:\/\/markwinstein.com\/es\/about\/\"><img loading=\"lazy\" decoding=\"async\" width=\"500\" height=\"375\" src=\"https:\/\/markwinstein.com\/wp-content\/uploads\/2025\/05\/MW-headshot-May-2025.jpeg\" alt=\"\" class=\"wp-image-166\" srcset=\"https:\/\/markwinstein.com\/wp-content\/uploads\/2025\/05\/MW-headshot-May-2025.jpeg 500w, https:\/\/markwinstein.com\/wp-content\/uploads\/2025\/05\/MW-headshot-May-2025-300x225.jpeg 300w\" sizes=\"auto, (max-width: 500px) 100vw, 500px\" \/><\/a><\/figure>\n\n\n\n<p><strong>Mark Winstein<\/strong><br><a href=\"https:\/\/markwinstein.com\/es\/about\/\" data-type=\"page\" data-id=\"61\">Acerca de m\u00ed<\/a><\/p>","protected":false},"excerpt":{"rendered":"<p>Ayuda a construir el mundo que deseas. Durante m\u00e1s de 40 a\u00f1os, he mantenido una visi\u00f3n singular: fusionar ecolog\u00eda y econom\u00eda. En este tiempo, he reunido la experiencia y las herramientas necesarias para hacer posible esta visi\u00f3n, de modo que personas como t\u00fa puedan ayudar a construir lo que yo llamo el Sector Ecosist\u00e9mico. Incluso hoy en d\u00eda, las personas que trabajan [\u2026]<\/p>","protected":false},"author":1,"featured_media":0,"parent":0,"menu_order":0,"comment_status":"closed","ping_status":"closed","template":"","meta":{"_acf_changed":false,"footnotes":""},"class_list":["post-9","page","type-page","status-publish","hentry"],"acf":[],"_links":{"self":[{"href":"https:\/\/markwinstein.com\/es\/wp-json\/wp\/v2\/pages\/9","targetHints":{"allow":["GET"]}}],"collection":[{"href":"https:\/\/markwinstein.com\/es\/wp-json\/wp\/v2\/pages"}],"about":[{"href":"https:\/\/markwinstein.com\/es\/wp-json\/wp\/v2\/types\/page"}],"author":[{"embeddable":true,"href":"https:\/\/markwinstein.com\/es\/wp-json\/wp\/v2\/users\/1"}],"replies":[{"embeddable":true,"href":"https:\/\/markwinstein.com\/es\/wp-json\/wp\/v2\/comments?post=9"}],"version-history":[{"count":116,"href":"https:\/\/markwinstein.com\/es\/wp-json\/wp\/v2\/pages\/9\/revisions"}],"predecessor-version":[{"id":2247,"href":"https:\/\/markwinstein.com\/es\/wp-json\/wp\/v2\/pages\/9\/revisions\/2247"}],"wp:attachment":[{"href":"https:\/\/markwinstein.com\/es\/wp-json\/wp\/v2\/media?parent=9"}],"curies":[{"name":"gracias","href":"https:\/\/api.w.org\/{rel}","templated":true}]}}