{"id":66,"date":"2025-05-27T15:45:45","date_gmt":"2025-05-27T15:45:45","guid":{"rendered":"https:\/\/markwinstein.com\/?page_id=66"},"modified":"2025-06-01T20:55:59","modified_gmt":"2025-06-01T20:55:59","slug":"contact","status":"publish","type":"page","link":"https:\/\/markwinstein.com\/es\/contact\/","title":{"rendered":"Contacto"},"content":{"rendered":"<h2 class=\"wp-block-heading\">\u00bfNo est\u00e1s listo para reservar una llamada gratuita? Preg\u00fantame lo que quieras aqu\u00ed.<\/h2>\n\n\n<style id=\"wpforms-css-vars-822-block-c9851a8f-08db-4a15-bdaa-cdf2fd05fead\">\n\t\t\t\t#wpforms-822.wpforms-block-c9851a8f-08db-4a15-bdaa-cdf2fd05fead {\n\t\t\t\t--wpforms-field-size-input-height: 43px;\n--wpforms-field-size-input-spacing: 15px;\n--wpforms-field-size-font-size: 16px;\n--wpforms-field-size-line-height: 19px;\n--wpforms-field-size-padding-h: 14px;\n--wpforms-field-size-checkbox-size: 16px;\n--wpforms-field-size-sublabel-spacing: 5px;\n--wpforms-field-size-icon-size: 1;\n--wpforms-label-size-font-size: 16px;\n--wpforms-label-size-line-height: 19px;\n--wpforms-label-size-sublabel-font-size: 14px;\n--wpforms-label-size-sublabel-line-height: 17px;\n--wpforms-button-size-font-size: 17px;\n--wpforms-button-size-height: 41px;\n--wpforms-button-size-padding-h: 15px;\n--wpforms-button-size-margin-top: 10px;\n\n\t\t\t}\n\t\t\t<\/style><div class=\"wpforms-container wpforms-container-full wpforms-block wpforms-block-c9851a8f-08db-4a15-bdaa-cdf2fd05fead wpforms-render-modern\" id=\"wpforms-822\"><form id=\"wpforms-form-822\" class=\"wpforms-validate wpforms-form wpforms-ajax-form\" data-formid=\"822\" method=\"post\" enctype=\"multipart\/form-data\" action=\"\/es\/wp-json\/wp\/v2\/pages\/66\" data-token=\"1dad688b1da98fbc1dd601c4f1db58e7\" data-token-time=\"1776807231\" data-trp-original-action=\"\/es\/wp-json\/wp\/v2\/pages\/66\"><noscript class=\"wpforms-error-noscript\">Por favor, activa JavaScript en tu navegador para completar este formulario.<\/noscript><div id=\"wpforms-error-noscript\" style=\"display: none;\">Por favor, activa JavaScript en tu navegador para completar este formulario.<\/div><div class=\"wpforms-field-container\"><div id=\"wpforms-822-field_1-container\" class=\"wpforms-field wpforms-field-name\" data-field-id=\"1\"><fieldset><legend class=\"wpforms-field-label\">Nombre <span class=\"wpforms-required-label\" aria-hidden=\"true\">*<\/span><\/legend><div class=\"wpforms-field-row wpforms-field-medium\"><div class=\"wpforms-field-row-block wpforms-first wpforms-one-half\"><input type=\"text\" id=\"wpforms-822-field_1\" class=\"wpforms-field-name-first wpforms-field-required\" name=\"wpforms[fields][1][first]\" aria-errormessage=\"wpforms-822-field_1-error\" required><label for=\"wpforms-822-field_1\" class=\"wpforms-field-sublabel after\">Nombre<\/label><\/div><div class=\"wpforms-field-row-block wpforms-one-half\"><input type=\"text\" id=\"wpforms-822-field_1-last\" class=\"wpforms-field-name-last wpforms-field-required\" name=\"wpforms[fields][1][last]\" aria-errormessage=\"wpforms-822-field_1-last-error\" required><label for=\"wpforms-822-field_1-last\" class=\"wpforms-field-sublabel after\">Apellidos<\/label><\/div><\/div><\/fieldset><\/div>\t\t<div id=\"wpforms-822-field_4-container\"\n\t\t\tclass=\"wpforms-field wpforms-field-text\"\n\t\t\tdata-field-type=\"text\"\n\t\t\tdata-field-id=\"4\"\n\t\t\t>\n\t\t\t<label class=\"wpforms-field-label\" for=\"wpforms-822-field_4\" >Nombre Preg\u00fantame<\/label>\n\t\t\t<input type=\"text\" id=\"wpforms-822-field_4\" class=\"wpforms-field-medium\" name=\"wpforms[fields][4]\" >\n\t\t<\/div>\n\t\t<div id=\"wpforms-822-field_2-container\" class=\"wpforms-field wpforms-field-email\" data-field-id=\"2\"><label class=\"wpforms-field-label\" for=\"wpforms-822-field_2\">Correo electr\u00f3nico <span class=\"wpforms-required-label\" aria-hidden=\"true\">*<\/span><\/label><input type=\"email\" id=\"wpforms-822-field_2\" class=\"wpforms-field-medium wpforms-field-required\" name=\"wpforms[fields][2]\" spellcheck=\"false\" aria-errormessage=\"wpforms-822-field_2-error\" required><\/div><div id=\"wpforms-822-field_3-container\" class=\"wpforms-field wpforms-field-textarea\" data-field-id=\"3\"><label class=\"wpforms-field-label\" for=\"wpforms-822-field_3\">Preg\u00fantame cualquier cosa <span class=\"wpforms-required-label\" aria-hidden=\"true\">*<\/span><\/label><textarea id=\"wpforms-822-field_3\" class=\"wpforms-field-medium wpforms-field-required\" name=\"wpforms[fields][3]\" aria-errormessage=\"wpforms-822-field_3-error\" required><\/textarea><\/div><script>\n\t\t\t\t( function() {\n\t\t\t\t\tconst style = document.createElement( 'style' );\n\t\t\t\t\tstyle.appendChild( document.createTextNode( '#wpforms-822-field_4-container { position: absolute !important; overflow: hidden !important; display: inline !important; height: 1px !important; width: 1px !important; z-index: -1000 !important; padding: 0 !important; } #wpforms-822-field_4-container input { visibility: hidden; } #wpforms-conversational-form-page #wpforms-822-field_4-container label { counter-increment: none; }' ) );\n\t\t\t\t\tdocument.head.appendChild( style );\n\t\t\t\t\tdocument.currentScript?.remove();\n\t\t\t\t} )();\n\t\t\t<\/script><\/div><!-- .wpforms-field-container --><div class=\"wpforms-recaptcha-container wpforms-is-turnstile\" ><div class=\"g-recaptcha\" data-sitekey=\"0x4AAAAAABoBsczvBvQLTBXe\" data-action=\"FormID-822\"><\/div><input type=\"text\" name=\"g-recaptcha-hidden\" class=\"wpforms-recaptcha-hidden\" style=\"position:absolute!important;clip:rect(0,0,0,0)!important;height:1px!important;width:1px!important;border:0!important;overflow:hidden!important;padding:0!important;margin:0!important;\" data-rule-turnstile=\"1\"><\/div><div class=\"wpforms-submit-container\" ><input type=\"hidden\" name=\"wpforms[id]\" value=\"822\"><input type=\"hidden\" name=\"page_title\" value=\"\"><input type=\"hidden\" name=\"page_url\" value=\"https:\/\/markwinstein.com\/es\/wp-json\/wp\/v2\/pages\/66\"><input type=\"hidden\" name=\"url_referer\" value=\"\"><button type=\"submit\" name=\"wpforms[submit]\" id=\"wpforms-submit-822\" class=\"wpforms-submit mw-wpform-button\" data-alt-text=\"Sending...\" data-submit-text=\"Submit\" aria-live=\"assertive\" value=\"wpforms-submit\">Entregar<\/button><img loading=\"lazy\" decoding=\"async\" src=\"https:\/\/markwinstein.com\/wp-content\/plugins\/wpforms-lite\/assets\/images\/submit-spin.svg\" class=\"wpforms-submit-spinner\" style=\"display: none;\" width=\"26\" height=\"26\" alt=\"Cargando\"><\/div><input type=\"hidden\" name=\"trp-form-language\" value=\"es\"\/><\/form><\/div>  <!-- .wpforms-container -->","protected":false},"excerpt":{"rendered":"<p>\u00bfNo est\u00e1s listo para reservar una llamada gratuita? Preg\u00fantame lo que quieras aqu\u00ed.<\/p>","protected":false},"author":1,"featured_media":0,"parent":0,"menu_order":0,"comment_status":"closed","ping_status":"closed","template":"","meta":{"_acf_changed":false,"footnotes":""},"class_list":["post-66","page","type-page","status-publish","hentry"],"acf":[],"_links":{"self":[{"href":"https:\/\/markwinstein.com\/es\/wp-json\/wp\/v2\/pages\/66","targetHints":{"allow":["GET"]}}],"collection":[{"href":"https:\/\/markwinstein.com\/es\/wp-json\/wp\/v2\/pages"}],"about":[{"href":"https:\/\/markwinstein.com\/es\/wp-json\/wp\/v2\/types\/page"}],"author":[{"embeddable":true,"href":"https:\/\/markwinstein.com\/es\/wp-json\/wp\/v2\/users\/1"}],"replies":[{"embeddable":true,"href":"https:\/\/markwinstein.com\/es\/wp-json\/wp\/v2\/comments?post=66"}],"version-history":[{"count":5,"href":"https:\/\/markwinstein.com\/es\/wp-json\/wp\/v2\/pages\/66\/revisions"}],"predecessor-version":[{"id":841,"href":"https:\/\/markwinstein.com\/es\/wp-json\/wp\/v2\/pages\/66\/revisions\/841"}],"wp:attachment":[{"href":"https:\/\/markwinstein.com\/es\/wp-json\/wp\/v2\/media?parent=66"}],"curies":[{"name":"gracias","href":"https:\/\/api.w.org\/{rel}","templated":true}]}}