{"id":63,"date":"2025-05-27T15:42:27","date_gmt":"2025-05-27T15:42:27","guid":{"rendered":"https:\/\/markwinstein.com\/?page_id=63"},"modified":"2026-01-19T15:21:34","modified_gmt":"2026-01-19T21:21:34","slug":"free-call","status":"publish","type":"page","link":"https:\/\/markwinstein.com\/es\/free-call\/","title":{"rendered":"Llamada gratuita"},"content":{"rendered":"<div class=\"wp-block-group is-layout-constrained wp-container-core-group-is-layout-48dbd97c wp-block-group-is-layout-constrained\" style=\"padding-right:0px;padding-left:0px\">\n<h1 class=\"wp-block-heading has-text-align-left has-x-large-font-size\" style=\"border-radius:10px;margin-top:var(--wp--preset--spacing--40);margin-bottom:var(--wp--preset--spacing--70);line-height:1.2\">Exploremos c\u00f3mo trabajar juntos<\/h1>\n\n\n\n<p>La construcci\u00f3n del sector de los ecosistemas requiere dos cosas:<\/p>\n\n\n\n<ol class=\"wp-block-list mw-list\">\n<li>Personas que ya est\u00e1n trabajando en un proyecto o est\u00e1n listas para asumir un rol de liderazgo en un proyecto que dise\u00f1amos juntos.<br><\/li>\n\n\n\n<li>Personas que deseen asignar capital, desde unos pocos miles hasta unos pocos mil millones o m\u00e1s, al Sector Ecosistema. <\/li>\n<\/ol>\n\n\n\n<p>Si se ajusta a alguno de los roles, haga clic en el bot\u00f3n a continuaci\u00f3n para reservar una llamada de descubrimiento gratuita para explorar c\u00f3mo trabajar conmigo para lograr su visi\u00f3n.<\/p>\n<\/div>\n\n\n\n<div class=\"wp-block-group is-layout-constrained wp-container-core-group-is-layout-f6f8c0cc wp-block-group-is-layout-constrained\">\n<div class=\"wp-block-buttons is-content-justification-center is-layout-flex wp-container-core-buttons-is-layout-a89b3969 wp-block-buttons-is-layout-flex\">\n<div class=\"wp-block-button mw-free-call-button\"><a class=\"wp-block-button__link has-text-align-center wp-element-button\">Programe su llamada de descubrimiento gratuita con Mark Winstein<\/a><\/div>\n<\/div>\n\n\n\n<style>\n@media (min-width: 1024px) {\n  .calendly-popup {\n    height: 103% !important;\n    top: calc(50vh - 20px) !important;\n    min-width: 1300px !important;\n  }\n}\n<\/style>\n\n<!-- Calendly link widget begin -->\n<link href=\"https:\/\/assets.calendly.com\/assets\/external\/widget.css\" rel=\"stylesheet\">\n<script src=\"https:\/\/assets.calendly.com\/assets\/external\/widget.js\" type=\"text\/javascript\" async><\/script>\n\n<script>\n  document.querySelectorAll('.mw-free-call-button').forEach(function(button) {\n    button.onclick = function(e) {\n      e.preventDefault();\n      Calendly.initPopupWidget({\n        url: 'https:\/\/calendly.com\/markwinstein\/free-discovery-call?hide_gdpr_banner=1'\n      });\n    };\n  });\n<\/script>\n\n<!-- Calendly link widget end -->\n<\/div>","protected":false},"excerpt":{"rendered":"<p>Exploremos c\u00f3mo trabajar juntos Construir el Sector del Ecosistema requiere dos cosas: Si se ajusta a alguno de los roles, haga clic en el bot\u00f3n a continuaci\u00f3n para reservar una llamada de descubrimiento gratuita para explorar c\u00f3mo trabajar conmigo para lograr su visi\u00f3n.<\/p>","protected":false},"author":1,"featured_media":0,"parent":0,"menu_order":0,"comment_status":"closed","ping_status":"closed","template":"","meta":{"_acf_changed":false,"footnotes":""},"class_list":["post-63","page","type-page","status-publish","hentry"],"acf":[],"_links":{"self":[{"href":"https:\/\/markwinstein.com\/es\/wp-json\/wp\/v2\/pages\/63","targetHints":{"allow":["GET"]}}],"collection":[{"href":"https:\/\/markwinstein.com\/es\/wp-json\/wp\/v2\/pages"}],"about":[{"href":"https:\/\/markwinstein.com\/es\/wp-json\/wp\/v2\/types\/page"}],"author":[{"embeddable":true,"href":"https:\/\/markwinstein.com\/es\/wp-json\/wp\/v2\/users\/1"}],"replies":[{"embeddable":true,"href":"https:\/\/markwinstein.com\/es\/wp-json\/wp\/v2\/comments?post=63"}],"version-history":[{"count":135,"href":"https:\/\/markwinstein.com\/es\/wp-json\/wp\/v2\/pages\/63\/revisions"}],"predecessor-version":[{"id":2227,"href":"https:\/\/markwinstein.com\/es\/wp-json\/wp\/v2\/pages\/63\/revisions\/2227"}],"wp:attachment":[{"href":"https:\/\/markwinstein.com\/es\/wp-json\/wp\/v2\/media?parent=63"}],"curies":[{"name":"gracias","href":"https:\/\/api.w.org\/{rel}","templated":true}]}}