{"id":61,"date":"2025-05-27T15:41:41","date_gmt":"2025-05-27T15:41:41","guid":{"rendered":"https:\/\/markwinstein.com\/?page_id=61"},"modified":"2026-01-19T15:28:51","modified_gmt":"2026-01-19T21:28:51","slug":"about","status":"publish","type":"page","link":"https:\/\/markwinstein.com\/es\/about\/","title":{"rendered":"Acerca de m\u00ed"},"content":{"rendered":"<h1 class=\"wp-block-heading has-text-align-left has-large-font-size\" style=\"margin-top:var(--wp--preset--spacing--50);margin-bottom:var(--wp--preset--spacing--70);margin-left:0;text-transform:none\">M\u00e1s de 40 a\u00f1os persiguiendo proyectos de ensue\u00f1o en los negocios, la pol\u00edtica y las finanzas.<\/h1>\n\n\n\n<div class=\"wp-block-columns is-layout-flex wp-container-core-columns-is-layout-28f84493 wp-block-columns-is-layout-flex\">\n<div class=\"wp-block-column is-layout-flow wp-block-column-is-layout-flow\" style=\"flex-basis:35%\">\n<figure class=\"wp-block-image size-full\" style=\"margin-left:var(--wp--preset--spacing--50)\"><img loading=\"lazy\" decoding=\"async\" width=\"236\" height=\"308\" src=\"https:\/\/markwinstein.com\/wp-content\/uploads\/2025\/05\/MW-headshot-May-2025-cropped-v2.jpeg\" alt=\"\" class=\"wp-image-172\" srcset=\"https:\/\/markwinstein.com\/wp-content\/uploads\/2025\/05\/MW-headshot-May-2025-cropped-v2.jpeg 236w, https:\/\/markwinstein.com\/wp-content\/uploads\/2025\/05\/MW-headshot-May-2025-cropped-v2-230x300.jpeg 230w\" sizes=\"auto, (max-width: 236px) 100vw, 236px\" \/><\/figure>\n<\/div>\n\n\n\n<div class=\"wp-block-column is-layout-flow wp-block-column-is-layout-flow\" style=\"flex-basis:65%\">\n<p>Mi padre siempre dec\u00eda: \u00abSigue tus sue\u00f1os\u00bb, pero nunca me explic\u00f3 c\u00f3mo. \u00a1Tuve que descubrirlo por mi cuenta!<\/p>\n\n\n\n<p>Hoy, ayudo a fundadores, l\u00edderes e inversores a alcanzar sus sue\u00f1os y construir el Sector del Ecosistema sin la pronunciada curva de aprendizaje.<\/p>\n\n\n\n<p>Reservar una <a href=\"https:\/\/markwinstein.com\/es\/free-call\/\">Llamada de descubrimiento gratuita conmigo<\/a> Para saber m\u00e1s.<\/p>\n<\/div>\n<\/div>\n\n\n\n<h1 class=\"wp-block-heading has-large-font-size\" style=\"margin-top:var(--wp--preset--spacing--70)\">Momentos destacados de su carrera<\/h1>\n\n\n\n<div class=\"wp-block-group mw-bio-block has-theme-white-background-color has-background is-layout-flow wp-block-group-is-layout-flow\" style=\"border-style:none;border-width:0px;border-radius:5px;padding-top:20px;padding-right:20px;padding-bottom:20px;padding-left:20px\">\n<div class=\"wp-block-columns is-not-stacked-on-mobile is-layout-flex wp-container-core-columns-is-layout-0703720b wp-block-columns-is-layout-flex\" style=\"margin-top:0\">\n<div class=\"wp-block-column is-vertically-aligned-center is-layout-flow wp-block-column-is-layout-flow\" style=\"flex-basis:1.8em\">\n<div class=\"wp-block-font-awesome-icon wp-font-awesome-icon\"><svg aria-hidden=\"true\" focusable=\"false\" data-prefix=\"far\" data-icon=\"calendar\" class=\"svg-inline--fa fa-calendar\" role=\"img\" xmlns=\"http:\/\/www.w3.org\/2000\/svg\" viewbox=\"0 0 448 512\" style=\"font-size:1.6em\"><path fill=\"currentColor\" d=\"M152 24c0-13.3-10.7-24-24-24s-24 10.7-24 24l0 40L64 64C28.7 64 0 92.7 0 128l0 16 0 48L0 448c0 35.3 28.7 64 64 64l320 0c35.3 0 64-28.7 64-64l0-256 0-48 0-16c0-35.3-28.7-64-64-64l-40 0 0-40c0-13.3-10.7-24-24-24s-24 10.7-24 24l0 40L152 64l0-40zM48 192l352 0 0 256c0 8.8-7.2 16-16 16L64 464c-8.8 0-16-7.2-16-16l0-256z\"><\/path><\/svg><\/div>\n<\/div>\n\n\n\n<div class=\"wp-block-column is-vertically-aligned-center is-layout-flow wp-block-column-is-layout-flow\" style=\"flex-basis:66.66%\">\n<p style=\"font-size:1.5em\"><strong>1983<\/strong><\/p>\n<\/div>\n<\/div>\n\n\n\n<p class=\"has-medium-font-size\" style=\"margin-top:5px\"><strong>Conservaci\u00f3n de agua y energ\u00eda<\/strong><\/p>\n\n\n\n<p>Comenc\u00e9 mi primer negocio medioambiental a los 23 a\u00f1os. Mi empresa ahorr\u00f3 a los clientes millones de d\u00f3lares en agua, energ\u00eda y mantenimiento.<\/p>\n<\/div>\n\n\n\n<div class=\"wp-block-group mw-bio-block has-theme-white-background-color has-background is-layout-flow wp-block-group-is-layout-flow\" style=\"border-style:none;border-width:0px;border-radius:5px;padding-top:20px;padding-right:20px;padding-bottom:20px;padding-left:20px\">\n<div class=\"wp-block-columns is-not-stacked-on-mobile is-layout-flex wp-container-core-columns-is-layout-0703720b wp-block-columns-is-layout-flex\" style=\"margin-top:0\">\n<div class=\"wp-block-column is-vertically-aligned-center is-layout-flow wp-block-column-is-layout-flow\" style=\"flex-basis:1.8em\">\n<div class=\"wp-block-font-awesome-icon wp-font-awesome-icon\"><svg aria-hidden=\"true\" focusable=\"false\" data-prefix=\"far\" data-icon=\"calendar\" class=\"svg-inline--fa fa-calendar\" role=\"img\" xmlns=\"http:\/\/www.w3.org\/2000\/svg\" viewbox=\"0 0 448 512\" style=\"font-size:1.6em\"><path fill=\"currentColor\" d=\"M152 24c0-13.3-10.7-24-24-24s-24 10.7-24 24l0 40L64 64C28.7 64 0 92.7 0 128l0 16 0 48L0 448c0 35.3 28.7 64 64 64l320 0c35.3 0 64-28.7 64-64l0-256 0-48 0-16c0-35.3-28.7-64-64-64l-40 0 0-40c0-13.3-10.7-24-24-24s-24 10.7-24 24l0 40L152 64l0-40zM48 192l352 0 0 256c0 8.8-7.2 16-16 16L64 464c-8.8 0-16-7.2-16-16l0-256z\"><\/path><\/svg><\/div>\n<\/div>\n\n\n\n<div class=\"wp-block-column is-vertically-aligned-center is-layout-flow wp-block-column-is-layout-flow\" style=\"flex-basis:66.66%\">\n<p style=\"font-size:1.5em\"><strong>1990<\/strong><\/p>\n<\/div>\n<\/div>\n\n\n\n<p class=\"has-medium-font-size\" style=\"margin-top:5px\"><strong>Campa\u00f1a Forestal Nacional<\/strong><\/p>\n\n\n\n<p>Cofund\u00e9 una ONG estadounidense de protecci\u00f3n de ecosistemas forestales en Washington, D. C., y lider\u00e9 una campa\u00f1a que revirti\u00f3 una devastadora pol\u00edtica del Servicio Forestal del USDA. Esto contribuy\u00f3 a reducir la tala en 80% en 200 millones de acres de tierras forestales federales, increment\u00f3 las ganancias de las tierras forestales privadas e impuls\u00f3 nuevos modelos de negocio para la restauraci\u00f3n de ecosistemas. Tambi\u00e9n asesor\u00e9 a l\u00edderes ambientales emergentes de todo el pa\u00eds.<\/p>\n<\/div>\n\n\n\n<div class=\"wp-block-group mw-bio-block has-theme-white-background-color has-background is-layout-flow wp-block-group-is-layout-flow\" style=\"border-style:none;border-width:0px;border-radius:5px;padding-top:20px;padding-right:20px;padding-bottom:20px;padding-left:20px\">\n<div class=\"wp-block-columns is-not-stacked-on-mobile is-layout-flex wp-container-core-columns-is-layout-0703720b wp-block-columns-is-layout-flex\" style=\"margin-top:0\">\n<div class=\"wp-block-column is-vertically-aligned-center is-layout-flow wp-block-column-is-layout-flow\" style=\"flex-basis:1.8em\">\n<div class=\"wp-block-font-awesome-icon wp-font-awesome-icon\"><svg aria-hidden=\"true\" focusable=\"false\" data-prefix=\"far\" data-icon=\"calendar\" class=\"svg-inline--fa fa-calendar\" role=\"img\" xmlns=\"http:\/\/www.w3.org\/2000\/svg\" viewbox=\"0 0 448 512\" style=\"font-size:1.6em\"><path fill=\"currentColor\" d=\"M152 24c0-13.3-10.7-24-24-24s-24 10.7-24 24l0 40L64 64C28.7 64 0 92.7 0 128l0 16 0 48L0 448c0 35.3 28.7 64 64 64l320 0c35.3 0 64-28.7 64-64l0-256 0-48 0-16c0-35.3-28.7-64-64-64l-40 0 0-40c0-13.3-10.7-24-24-24s-24 10.7-24 24l0 40L152 64l0-40zM48 192l352 0 0 256c0 8.8-7.2 16-16 16L64 464c-8.8 0-16-7.2-16-16l0-256z\"><\/path><\/svg><\/div>\n<\/div>\n\n\n\n<div class=\"wp-block-column is-vertically-aligned-center is-layout-flow wp-block-column-is-layout-flow\" style=\"flex-basis:66.66%\">\n<p style=\"font-size:1.5em\"><strong>2001<\/strong><\/p>\n<\/div>\n<\/div>\n\n\n\n<p class=\"has-medium-font-size\" style=\"margin-top:5px\"><strong>Finanzas Ecol\u00f3gicas<\/strong><\/p>\n\n\n\n<p>Yo fund\u00e9 <strong>Ecoestructura<\/strong> (m\u00e1s tarde <strong>EcoSector<\/strong>) para construir una red mundial de fondos de inversi\u00f3n responsables de la salud de la biosfera y demostrar que los ecosistemas son una infraestructura viva tan vital para la econom\u00eda como las carreteras y los puentes.<\/p>\n<\/div>\n\n\n\n<div class=\"wp-block-group mw-bio-block has-theme-white-background-color has-background is-layout-flow wp-block-group-is-layout-flow\" style=\"border-style:none;border-width:0px;border-radius:5px;padding-top:20px;padding-right:20px;padding-bottom:20px;padding-left:20px\">\n<div class=\"wp-block-columns is-not-stacked-on-mobile is-layout-flex wp-container-core-columns-is-layout-0703720b wp-block-columns-is-layout-flex\" style=\"margin-top:0\">\n<div class=\"wp-block-column is-vertically-aligned-center is-layout-flow wp-block-column-is-layout-flow\" style=\"flex-basis:1.8em\">\n<div class=\"wp-block-font-awesome-icon wp-font-awesome-icon\"><svg aria-hidden=\"true\" focusable=\"false\" data-prefix=\"far\" data-icon=\"calendar\" class=\"svg-inline--fa fa-calendar\" role=\"img\" xmlns=\"http:\/\/www.w3.org\/2000\/svg\" viewbox=\"0 0 448 512\" style=\"font-size:1.6em\"><path fill=\"currentColor\" d=\"M152 24c0-13.3-10.7-24-24-24s-24 10.7-24 24l0 40L64 64C28.7 64 0 92.7 0 128l0 16 0 48L0 448c0 35.3 28.7 64 64 64l320 0c35.3 0 64-28.7 64-64l0-256 0-48 0-16c0-35.3-28.7-64-64-64l-40 0 0-40c0-13.3-10.7-24-24-24s-24 10.7-24 24l0 40L152 64l0-40zM48 192l352 0 0 256c0 8.8-7.2 16-16 16L64 464c-8.8 0-16-7.2-16-16l0-256z\"><\/path><\/svg><\/div>\n<\/div>\n\n\n\n<div class=\"wp-block-column is-vertically-aligned-center is-layout-flow wp-block-column-is-layout-flow\" style=\"flex-basis:66.66%\">\n<p style=\"font-size:1.5em\"><strong>2007<\/strong><\/p>\n<\/div>\n<\/div>\n\n\n\n<p class=\"has-medium-font-size\" style=\"margin-top:5px\"><strong>Negocio de productos f\u00edsicos<\/strong><\/p>\n\n\n\n<p>Yo invent\u00e9 el <strong>Cartera de mariposa,<\/strong> La billetera triple m\u00e1s delgada del mundo, como un proyecto paralelo l\u00fadico: una lecci\u00f3n pr\u00e1ctica sobre dise\u00f1o, fabricaci\u00f3n, distribuci\u00f3n y asociaciones minoristas. <a href=\"https:\/\/urbanultralight.com\">negocio<\/a> Sigue prosperando hoy en d\u00eda.<\/p>\n<\/div>\n\n\n\n<div class=\"wp-block-group mw-bio-block has-theme-white-background-color has-background is-layout-flow wp-block-group-is-layout-flow\" style=\"border-style:none;border-width:0px;border-radius:5px;padding-top:20px;padding-right:20px;padding-bottom:20px;padding-left:20px\">\n<div class=\"wp-block-columns is-not-stacked-on-mobile is-layout-flex wp-container-core-columns-is-layout-0703720b wp-block-columns-is-layout-flex\" style=\"margin-top:0\">\n<div class=\"wp-block-column is-vertically-aligned-center is-layout-flow wp-block-column-is-layout-flow\" style=\"flex-basis:1.8em\">\n<div class=\"wp-block-font-awesome-icon wp-font-awesome-icon\"><svg aria-hidden=\"true\" focusable=\"false\" data-prefix=\"far\" data-icon=\"calendar\" class=\"svg-inline--fa fa-calendar\" role=\"img\" xmlns=\"http:\/\/www.w3.org\/2000\/svg\" viewbox=\"0 0 448 512\" style=\"font-size:1.6em\"><path fill=\"currentColor\" d=\"M152 24c0-13.3-10.7-24-24-24s-24 10.7-24 24l0 40L64 64C28.7 64 0 92.7 0 128l0 16 0 48L0 448c0 35.3 28.7 64 64 64l320 0c35.3 0 64-28.7 64-64l0-256 0-48 0-16c0-35.3-28.7-64-64-64l-40 0 0-40c0-13.3-10.7-24-24-24s-24 10.7-24 24l0 40L152 64l0-40zM48 192l352 0 0 256c0 8.8-7.2 16-16 16L64 464c-8.8 0-16-7.2-16-16l0-256z\"><\/path><\/svg><\/div>\n<\/div>\n\n\n\n<div class=\"wp-block-column is-vertically-aligned-center is-layout-flow wp-block-column-is-layout-flow\" style=\"flex-basis:66.66%\">\n<p style=\"font-size:1.5em\"><strong>2010<\/strong><\/p>\n<\/div>\n<\/div>\n\n\n\n<p class=\"has-medium-font-size\" style=\"margin-top:5px\"><strong>Servicios de desarrollo empresarial<\/strong><\/p>\n\n\n\n<p>Cre\u00e9 una empresa de consultor\u00eda que atend\u00eda a m\u00e1s de 160 clientes. Una clienta convirti\u00f3 su empresa de una simple buena idea en una empresa multimillonaria en tan solo seis meses, siguiendo mi plan estrat\u00e9gico; posteriormente, fue adquirida por una importante firma financiera de Wall Street.<\/p>\n<\/div>\n\n\n\n<div class=\"wp-block-group mw-bio-block has-theme-white-background-color has-background is-layout-flow wp-block-group-is-layout-flow\" style=\"border-style:none;border-width:0px;border-radius:5px;padding-top:20px;padding-right:20px;padding-bottom:20px;padding-left:20px\">\n<div class=\"wp-block-columns is-not-stacked-on-mobile is-layout-flex wp-container-core-columns-is-layout-0703720b wp-block-columns-is-layout-flex\" style=\"margin-top:0\">\n<div class=\"wp-block-column is-vertically-aligned-center is-layout-flow wp-block-column-is-layout-flow\" style=\"flex-basis:1.8em\">\n<div class=\"wp-block-font-awesome-icon wp-font-awesome-icon\"><svg aria-hidden=\"true\" focusable=\"false\" data-prefix=\"far\" data-icon=\"calendar\" class=\"svg-inline--fa fa-calendar\" role=\"img\" xmlns=\"http:\/\/www.w3.org\/2000\/svg\" viewbox=\"0 0 448 512\" style=\"font-size:1.6em\"><path fill=\"currentColor\" d=\"M152 24c0-13.3-10.7-24-24-24s-24 10.7-24 24l0 40L64 64C28.7 64 0 92.7 0 128l0 16 0 48L0 448c0 35.3 28.7 64 64 64l320 0c35.3 0 64-28.7 64-64l0-256 0-48 0-16c0-35.3-28.7-64-64-64l-40 0 0-40c0-13.3-10.7-24-24-24s-24 10.7-24 24l0 40L152 64l0-40zM48 192l352 0 0 256c0 8.8-7.2 16-16 16L64 464c-8.8 0-16-7.2-16-16l0-256z\"><\/path><\/svg><\/div>\n<\/div>\n\n\n\n<div class=\"wp-block-column is-vertically-aligned-center is-layout-flow wp-block-column-is-layout-flow\" style=\"flex-basis:66.66%\">\n<p style=\"font-size:1.5em\"><strong>2016<\/strong><\/p>\n<\/div>\n<\/div>\n\n\n\n<p class=\"has-medium-font-size\" style=\"margin-top:5px\"><strong>Econom\u00eda basada en plantas<\/strong><\/p>\n\n\n\n<p>Cambiar a una dieta basada en plantas me ayud\u00f3 a revertir enfermedades cr\u00f3nicas de larga duraci\u00f3n y a experimentar la profunda conexi\u00f3n entre la salud humana y la del ecosistema. A partir de esa poderosa transformaci\u00f3n, lanc\u00e9... <strong>Lanzamiento vegano<\/strong> en 2018, que proporcion\u00f3 estrategias financieras avanzadas y capacitaci\u00f3n para emprendedores de base vegetal.<\/p>\n<\/div>\n\n\n\n<div class=\"wp-block-group mw-bio-block has-theme-white-background-color has-background is-layout-flow wp-block-group-is-layout-flow\" style=\"border-style:none;border-width:0px;border-radius:5px;padding-top:20px;padding-right:20px;padding-bottom:20px;padding-left:20px\">\n<div class=\"wp-block-columns is-not-stacked-on-mobile is-layout-flex wp-container-core-columns-is-layout-0703720b wp-block-columns-is-layout-flex\" style=\"margin-top:0\">\n<div class=\"wp-block-column is-vertically-aligned-center is-layout-flow wp-block-column-is-layout-flow\" style=\"flex-basis:1.8em\">\n<div class=\"wp-block-font-awesome-icon wp-font-awesome-icon\"><svg aria-hidden=\"true\" focusable=\"false\" data-prefix=\"far\" data-icon=\"calendar\" class=\"svg-inline--fa fa-calendar\" role=\"img\" xmlns=\"http:\/\/www.w3.org\/2000\/svg\" viewbox=\"0 0 448 512\" style=\"font-size:1.6em\"><path fill=\"currentColor\" d=\"M152 24c0-13.3-10.7-24-24-24s-24 10.7-24 24l0 40L64 64C28.7 64 0 92.7 0 128l0 16 0 48L0 448c0 35.3 28.7 64 64 64l320 0c35.3 0 64-28.7 64-64l0-256 0-48 0-16c0-35.3-28.7-64-64-64l-40 0 0-40c0-13.3-10.7-24-24-24s-24 10.7-24 24l0 40L152 64l0-40zM48 192l352 0 0 256c0 8.8-7.2 16-16 16L64 464c-8.8 0-16-7.2-16-16l0-256z\"><\/path><\/svg><\/div>\n<\/div>\n\n\n\n<div class=\"wp-block-column is-vertically-aligned-center is-layout-flow wp-block-column-is-layout-flow\" style=\"flex-basis:66.66%\">\n<p style=\"font-size:1.5em\"><strong>2023<\/strong><\/p>\n<\/div>\n<\/div>\n\n\n\n<p class=\"has-medium-font-size\" style=\"margin-top:5px\"><strong>Mentor\u00eda para el cambio de sistema<\/strong><\/p>\n\n\n\n<p>Comenc\u00e9 a ayudar a personas de todos los \u00e1mbitos de la vida a alcanzar sus sue\u00f1os y en 2025 comenc\u00e9 a subsidiar mi tutor\u00eda para aquellos que desean enfocarse en hacer crecer la econom\u00eda basada en la paz, desde peque\u00f1os proyectos hasta empresas escalables destinadas a transformar sectores enteros.<\/p>\n<\/div>\n\n\n\n<div class=\"wp-block-group mw-bio-block has-theme-white-background-color has-background is-layout-flow wp-block-group-is-layout-flow\" style=\"border-style:none;border-width:0px;border-radius:5px;padding-top:20px;padding-right:20px;padding-bottom:20px;padding-left:20px\">\n<div class=\"wp-block-columns is-not-stacked-on-mobile is-layout-flex wp-container-core-columns-is-layout-0703720b wp-block-columns-is-layout-flex\" style=\"margin-top:0\">\n<div class=\"wp-block-column is-vertically-aligned-center is-layout-flow wp-block-column-is-layout-flow\" style=\"flex-basis:1.8em\">\n<div class=\"wp-block-font-awesome-icon wp-font-awesome-icon\"><svg aria-hidden=\"true\" focusable=\"false\" data-prefix=\"far\" data-icon=\"calendar\" class=\"svg-inline--fa fa-calendar\" role=\"img\" xmlns=\"http:\/\/www.w3.org\/2000\/svg\" viewbox=\"0 0 448 512\" style=\"font-size:1.6em\"><path fill=\"currentColor\" d=\"M152 24c0-13.3-10.7-24-24-24s-24 10.7-24 24l0 40L64 64C28.7 64 0 92.7 0 128l0 16 0 48L0 448c0 35.3 28.7 64 64 64l320 0c35.3 0 64-28.7 64-64l0-256 0-48 0-16c0-35.3-28.7-64-64-64l-40 0 0-40c0-13.3-10.7-24-24-24s-24 10.7-24 24l0 40L152 64l0-40zM48 192l352 0 0 256c0 8.8-7.2 16-16 16L64 464c-8.8 0-16-7.2-16-16l0-256z\"><\/path><\/svg><\/div>\n<\/div>\n\n\n\n<div class=\"wp-block-column is-vertically-aligned-center is-layout-flow wp-block-column-is-layout-flow\" style=\"flex-basis:66.66%\">\n<p style=\"font-size:1.5em\"><strong>2025<\/strong><\/p>\n<\/div>\n<\/div>\n\n\n\n<p class=\"has-medium-font-size\" style=\"margin-top:5px\"><strong>Comunidad de pagos recurrentes de Make My Nut<\/strong><\/p>\n\n\n\n<p>Durante mis dos a\u00f1os como mentor de fundadores de empresas \u00e9ticas, algo me llam\u00f3 la atenci\u00f3n. La mayor\u00eda de los fundadores no pueden permitirse dejar su trabajo y centrarse en su visi\u00f3n. Por eso, en 2025, cre\u00e9 un &quot;Patreon para Fundadores y L\u00edderes&quot; llamado <a href=\"https:\/\/makemynut.com\">Haz mi nuez<\/a> ayudar a las personas a dejar sus trabajos diarios para perseguir el negocio o proyecto de sus sue\u00f1os y lograr m\u00e1s \u00e9xito recaudando capital o subvenciones si es necesario para cumplir su misi\u00f3n.<\/p>\n<\/div>\n\n\n\n<hr class=\"wp-block-separator has-text-color has-borders-color has-alpha-channel-opacity has-borders-background-color has-background\" style=\"margin-top:var(--wp--preset--spacing--80);margin-bottom:var(--wp--preset--spacing--60)\"\/>\n\n\n\n<h2 class=\"wp-block-heading has-text-align-center has-x-large-font-size\">Exploremos c\u00f3mo trabajar juntos<\/h2>\n\n\n\n<div class=\"wp-block-buttons is-content-justification-center is-layout-flex wp-container-core-buttons-is-layout-a89b3969 wp-block-buttons-is-layout-flex\">\n<div class=\"wp-block-button has-custom-width wp-block-button__width-100\"><a class=\"wp-block-button__link wp-element-button\" href=\"https:\/\/markwinstein.com\/es\/free-call\/\" style=\"line-height:1.2\">Reserve una llamada gratuita con Mark Winstein<\/a><\/div>\n<\/div>","protected":false},"excerpt":{"rendered":"<p>M\u00e1s de 40 a\u00f1os persiguiendo proyectos so\u00f1ados en los negocios, la pol\u00edtica y las finanzas. Mi padre siempre dec\u00eda: \u00abSigue tus sue\u00f1os\u00bb, pero nunca me explicaba c\u00f3mo. \u00a1Tuve que descubrirlo por mi cuenta! Hoy, ayudo a fundadores, l\u00edderes e inversores a alcanzar sus sue\u00f1os y a construir el Sector Ecosist\u00e9mico sin la necesidad de un aprendizaje complejo. Reserva una cita gratuita [\u2026]<\/p>","protected":false},"author":1,"featured_media":0,"parent":0,"menu_order":0,"comment_status":"closed","ping_status":"closed","template":"","meta":{"_acf_changed":false,"footnotes":""},"class_list":["post-61","page","type-page","status-publish","hentry"],"acf":[],"_links":{"self":[{"href":"https:\/\/markwinstein.com\/es\/wp-json\/wp\/v2\/pages\/61","targetHints":{"allow":["GET"]}}],"collection":[{"href":"https:\/\/markwinstein.com\/es\/wp-json\/wp\/v2\/pages"}],"about":[{"href":"https:\/\/markwinstein.com\/es\/wp-json\/wp\/v2\/types\/page"}],"author":[{"embeddable":true,"href":"https:\/\/markwinstein.com\/es\/wp-json\/wp\/v2\/users\/1"}],"replies":[{"embeddable":true,"href":"https:\/\/markwinstein.com\/es\/wp-json\/wp\/v2\/comments?post=61"}],"version-history":[{"count":160,"href":"https:\/\/markwinstein.com\/es\/wp-json\/wp\/v2\/pages\/61\/revisions"}],"predecessor-version":[{"id":2233,"href":"https:\/\/markwinstein.com\/es\/wp-json\/wp\/v2\/pages\/61\/revisions\/2233"}],"wp:attachment":[{"href":"https:\/\/markwinstein.com\/es\/wp-json\/wp\/v2\/media?parent=61"}],"curies":[{"name":"gracias","href":"https:\/\/api.w.org\/{rel}","templated":true}]}}