{"id":220,"date":"2025-05-28T00:17:14","date_gmt":"2025-05-28T00:17:14","guid":{"rendered":"https:\/\/markwinstein.com\/?page_id=220"},"modified":"2026-01-19T11:24:52","modified_gmt":"2026-01-19T17:24:52","slug":"join","status":"publish","type":"page","link":"https:\/\/markwinstein.com\/es\/join\/","title":{"rendered":"Hazte miembro"},"content":{"rendered":"<p>Mi objetivo es construir una comunidad de l\u00edderes e inversores que realmente puedan asumir la responsabilidad econ\u00f3mica por el bienestar de las personas y el planeta dentro del pa\u00eds. <strong>$40 billones Sector Ecosistema<\/strong>.<\/p>\n\n\n\n<p>\u00a1Espero que te unas a m\u00ed en esta emocionante misi\u00f3n!<\/p>\n\n\n\n<h2 class=\"wp-block-heading\">Beneficios de la membres\u00eda<\/h2>\n\n\n\n<ul style=\"padding-right:40px;padding-left:40px\" class=\"wp-block-list is-style-square\">\n<li>Pague cualquier cantidad que desee mensualmente<\/li>\n\n\n\n<li>Reciba actualizaciones mensuales por correo electr\u00f3nico \u201csolo para miembros\u201d<\/li>\n\n\n\n<li>No se requiere cuenta ni contrase\u00f1a<\/li>\n\n\n\n<li>Administre f\u00e1cilmente su correo electr\u00f3nico de membres\u00eda y los enlaces del sitio web<\/li>\n\n\n\n<li>Pague en su moneda preferida para eliminar las fluctuaciones de pago<\/li>\n\n\n\n<li>M\u00ednimo USD $5.00 o equivalente por mes<\/li>\n<\/ul>\n\n\n\n<h2 class=\"wp-block-heading\" style=\"margin-top:var(--wp--preset--spacing--60)\">\u00a1\u00danete ahora!<\/h2>\n\n\n\n<div id='payment'><\/div>\n<script src='https:\/\/makemynut.com\/wp-json\/makemynut\/v1\/script?vendor_id=IPeyFmOIbaba7E1ywXSNIA&#038;mmn_page=remote'><\/script>\n\n\n\n<div style=\"height:1px\" aria-hidden=\"true\" class=\"wp-block-spacer\"><\/div>\n\n\n\n<div class=\"wp-block-group is-layout-flow wp-block-group-is-layout-flow\" style=\"padding-right:0px;padding-left:0px\">\n<h2 class=\"wp-block-heading has-large-font-size\" style=\"margin-top:var(--wp--preset--spacing--70)\">\u00a1Muchas gracias!<\/h2>\n\n\n\n<figure class=\"wp-block-image size-full\" style=\"margin-top:var(--wp--preset--spacing--40)\"><a href=\"https:\/\/markwinstein.com\/es\/about\/\"><img loading=\"lazy\" decoding=\"async\" width=\"500\" height=\"375\" src=\"https:\/\/markwinstein.com\/wp-content\/uploads\/2025\/05\/MW-headshot-May-2025.jpeg\" alt=\"\" class=\"wp-image-166\" srcset=\"https:\/\/markwinstein.com\/wp-content\/uploads\/2025\/05\/MW-headshot-May-2025.jpeg 500w, https:\/\/markwinstein.com\/wp-content\/uploads\/2025\/05\/MW-headshot-May-2025-300x225.jpeg 300w\" sizes=\"auto, (max-width: 500px) 100vw, 500px\" \/><\/a><\/figure>\n\n\n\n<p><strong>Mark Winstein<\/strong><br><a href=\"https:\/\/markwinstein.com\/es\/about\/\" data-type=\"page\" data-id=\"61\">Acerca de m\u00ed<\/a><\/p>\n<\/div>","protected":false},"excerpt":{"rendered":"<p>Mi objetivo es construir una comunidad de l\u00edderes e inversores que realmente asuman la responsabilidad econ\u00f3mica del bienestar de las personas y del planeta dentro del Sector Ecosist\u00e9mico de $40 billones. \u00a1Espero que me acompa\u00f1es en esta emocionante misi\u00f3n! Beneficios de la membres\u00eda: \u00a1\u00danete ahora! \u00a1Muchas gracias! Mark Winstein. Sobre m\u00ed.<\/p>","protected":false},"author":1,"featured_media":0,"parent":0,"menu_order":0,"comment_status":"closed","ping_status":"closed","template":"","meta":{"_acf_changed":false,"footnotes":""},"class_list":["post-220","page","type-page","status-publish","hentry"],"acf":[],"_links":{"self":[{"href":"https:\/\/markwinstein.com\/es\/wp-json\/wp\/v2\/pages\/220","targetHints":{"allow":["GET"]}}],"collection":[{"href":"https:\/\/markwinstein.com\/es\/wp-json\/wp\/v2\/pages"}],"about":[{"href":"https:\/\/markwinstein.com\/es\/wp-json\/wp\/v2\/types\/page"}],"author":[{"embeddable":true,"href":"https:\/\/markwinstein.com\/es\/wp-json\/wp\/v2\/users\/1"}],"replies":[{"embeddable":true,"href":"https:\/\/markwinstein.com\/es\/wp-json\/wp\/v2\/comments?post=220"}],"version-history":[{"count":75,"href":"https:\/\/markwinstein.com\/es\/wp-json\/wp\/v2\/pages\/220\/revisions"}],"predecessor-version":[{"id":2212,"href":"https:\/\/markwinstein.com\/es\/wp-json\/wp\/v2\/pages\/220\/revisions\/2212"}],"wp:attachment":[{"href":"https:\/\/markwinstein.com\/es\/wp-json\/wp\/v2\/media?parent=220"}],"curies":[{"name":"gracias","href":"https:\/\/api.w.org\/{rel}","templated":true}]}}